{"id":21,"date":"2022-10-18T09:55:10","date_gmt":"2022-10-18T09:55:10","guid":{"rendered":"https:\/\/schuetzenhaus.ch\/?page_id=21"},"modified":"2023-09-01T08:06:51","modified_gmt":"2023-09-01T08:06:51","slug":"datenschutzerklaerung","status":"publish","type":"page","link":"https:\/\/schuetzenhaus.ch\/en\/datenschutzerklaerung\/","title":{"rendered":"Privacy policy"},"content":{"rendered":"<p>[et_pb_section fb_built=&#8220;1&#8243; admin_label=&#8220;Contact&#8220; _builder_version=&#8220;4.18.0&#8243; _module_preset=&#8220;default&#8220; background_color=&#8220;#FFFFFF&#8220; custom_padding=&#8220;||||false|false&#8220; top_divider_height=&#8220;0.6vw&#8220; top_divider_repeat=&#8220;70x&#8220; top_divider_arrangement=&#8220;above_content&#8220; bottom_divider_height=&#8220;0.6vw&#8220; bottom_divider_repeat=&#8220;70x&#8220; global_colors_info=&#8220;{}&#8220;][et_pb_row _builder_version=&#8220;4.16&#8243; _module_preset=&#8220;default&#8220; global_colors_info=&#8220;{}&#8220;][et_pb_column type=&#8220;4_4&#8243; _builder_version=&#8220;4.16&#8243; _module_preset=&#8220;default&#8220; global_colors_info=&#8220;{}&#8220;][et_pb_text _builder_version=&#8220;4.18.0&#8243; _module_preset=&#8220;d72c0383-6487-4f2c-ac5c-7d48a6376757&#8243; header_font=&#8220;Times New Roman|600|||||||&#8220; header_text_color=&#8220;#424242&#8243; header_font_size=&#8220;50px&#8220; header_line_height=&#8220;1.1em&#8220; header_font_size_tablet=&#8220;36px&#8220; header_font_size_phone=&#8220;22px&#8220; header_font_size_last_edited=&#8220;on|desktop&#8220; locked=&#8220;off&#8220; global_colors_info=&#8220;{}&#8220;]<\/p>\n<h1>Datenschutzerkl\u00e4rung<\/h1>\n<p>[\/et_pb_text][et_pb_text _builder_version=&#8220;4.20.4&#8243; _module_preset=&#8220;16a54059-cc81-4572-9c70-eda6a6c419bf&#8220; text_font=&#8220;Times New Roman|500|||||||&#8220; text_text_color=&#8220;#424242&#8243; text_font_size=&#8220;20px&#8220; text_line_height=&#8220;32px&#8220; link_text_color=&#8220;#424242&#8243; header_3_font=&#8220;Times New Roman|600|||||||&#8220; header_3_text_color=&#8220;#424242&#8243; header_3_font_size=&#8220;26px&#8220; custom_margin=&#8220;5%||5%||true|false&#8220; hover_enabled=&#8220;0&#8243; text_font_size_tablet=&#8220;15px&#8220; text_font_size_phone=&#8220;14px&#8220; text_font_size_last_edited=&#8220;on|phone&#8220; header_font_size_tablet=&#8220;55px&#8220; header_font_size_last_edited=&#8220;off|desktop&#8220; locked=&#8220;off&#8220; global_colors_info=&#8220;{}&#8220; link_text_color__hover_enabled=&#8220;off|desktop&#8220; link_text_color__hover=&#8220;#FFFFFF&#8220; sticky_enabled=&#8220;0&#8243;]<\/p>\n<h2 class=\"wp-block-heading\"><strong>Einleitung<\/strong><\/h2>\n<p>Die<span> Sch\u00fctzenhaus\u00a0<\/span>hat die vorliegende Datenschutzerkl\u00e4rung im Hinblick auf die k\u00fcnftige Revision des Schweizerischen Datenschutzgesetzes (DSG) und des Inkrafttretens der DSGV, der neuen Datenschutz -und Vertraulichkeitsregulierung in der Europ\u00e4ischen Union (EU) publiziert. Obwohl eine Regulierung der EU, ist die DSGVO aus verschiedenen Gr\u00fcnden f\u00fcr die<span> Sch\u00fctzenhaus <\/span>relevant, unter anderem zum Beispiel: Schweizer Datenschutzrecht ist historisch eng an die EU Regulierung gebunden, die erwarteten \u00c4nderung en des schweizerischen Datenschutzgesetzes sind stark durch die DSGVO beeinflusst, und schliesslich verh\u00e4ngt die DSGVO hohe Datenschutzstandards mit extraterritorialem Effekt und Gesellschaften ausserhalb der EU sind unter bestimmten Bedingungen an diese Vorschriften gebunden.<\/p>\n<p>Mit dieser Datenschutzerkl\u00e4rung m\u00f6chten wir Sie ausf\u00fchrlich \u00fcber den Umgang mit Ihren Daten informieren.<\/p>\n<p>Wir behalten uns vor, den Inhalt dieser Datenschutzerkl\u00e4rung zu \u00e4ndern, insbesondere dann, wenn wir entweder neue bzw. ge\u00e4nderte Dienste zur Verf\u00fcgung stellen oder Gesetzes- bzw. Rechtsprechungs\u00e4nderungen eine Anpassung dieser notwendig oder sinnvoll machen, sofern die \u00c4nderung unter Ber\u00fccksichtigung der berechtigten Interessen der<span> Sch\u00fctzenhaus <\/span>f\u00fcr den Nutzer zumutbar ist.<\/p>\n<h2><strong>Umfang<\/strong><\/h2>\n<p>Wir verarbeiten personenbezogene Daten, die wir im Rahmen unserer Gesch\u00e4ftsbeziehung von unseren Kunden erhalten. Zudem verarbeiten wir, soweit f\u00fcr die Erbringung unserer Dienstleistung erforderlich, personenbezogene Daten, die wir aus \u00f6ffentlich zug\u00e4nglichen Quellen (z. B. Handelsregister, Webseiten) zul\u00e4ssigerweise gewinnen. Wir nutzen die personenbezogenen Daten ohne weitergehende Einwilligung ausschliesslich, um die Inanspruchnahme der von uns angebotenen Dienste zu erm\u00f6glichen sowie zur Erf\u00fcllung und Abwicklung der Anfragen und Anmeldungen sowie Bestellungen.<\/p>\n<p>Relevante personenbezogene Daten sind Einzelangaben \u00fcber pers\u00f6nliche oder sachliche Verh\u00e4ltnisse einer bestimmten oder bestimmbaren nat\u00fcrlichen Person. Darunter fallen Informationen wie z.B. richtiger Vor- und Nachname, die vollst\u00e4ndige Anschrift, Telefon-, Telefax-, Mobilfunknummer.<\/p>\n<p>Weitergehende personenbezogene Daten werden von uns nur mit Einwilligung erhoben, verarbeitet und genutzt, wenn diese Angaben freiwillig, etwa im Rahmen einer Anfrage, Suchanfrage oder zur Begr\u00fcndung, inhaltlichen Ausgestaltung oder \u00c4nderung und Abwicklung einer Bestellung sowie zu Abrechnungszwecken gemacht werden und diese f\u00fcr die Beantwortung bzw. Bearbeitung erforderlich sind.<\/p>\n<h2><strong>Weitergabe<\/strong><\/h2>\n<p>Wir geben personenbezogenen Daten einschliesslich der Anschrift und der E-Mail-Adresse grunds\u00e4tzlich nicht an Dritte weiter, es sei denn, der Weitergabe der Daten zu den genannten Zwecken wurde ausdr\u00fccklich zugestimmt oder die Weitergabe ist aufgrund gesetzlicher Vorschriften ausdr\u00fccklich erlaubt bzw. vorgeschrieben.<\/p>\n<h2><strong>Nutzung der Daten f\u00fcr Zwecke der eigenen Beratung, der eigenen Werbung<\/strong><\/h2>\n<p>Uns ist es gestattet, Ihre personenbezogenen Daten f\u00fcr Zwecke der eigenen Beratung, der eigenen Werbung, vor allem aber zur bedarfsgerechten Gestaltung der von uns angebotenen Dienstleistungen zu erheben, zu verarbeiten und zu nutzen.<\/p>\n<p>Dar\u00fcber hinaus behandeln wir die Daten vertraulich und in \u00dcbereinstimmung mit den einschl\u00e4gigen gesetzlichen Bestimmungen \u00fcber den Datenschutz. Wir werden weder diese Daten noch den Inhalt Ihrer Nachrichten ohne das Einverst\u00e4ndnis an Dritte weiterleiten, es sei denn, der Weitergabe der Daten zu den genannten Zwecken wurde ausdr\u00fccklich zugestimmt oder die Weitergabe ist aufgrund gesetzlicher Vorschriften ausdr\u00fccklich erlaubt bzw. sogar vorgeschrieben.<\/p>\n<p>Dieses Daten-Weitergabe-Verbot gilt jedoch insoweit nicht, als wir auf Anordnung der zust\u00e4ndigen Stellen verpflichtet sind, Dritten, insbesondere staatlichen Stellen, im Einzelfall Auskunft \u00fcber Bestandsdaten zu erteilen, soweit dies f\u00fcr Zwecke der Strafverfolgung oder zur Durchsetzung der Rechte am geistigen Eigentum sowie aufgrund sonstiger insoweit anwendbarer gesetzlicher Vorschriften erforderlich ist. Hierzu bedarf es keiner weiteren Einwilligung.<\/p>\n<h2><strong>Datensicherheit<\/strong><\/h2>\n<p>Personenbezogenen Daten werden bei einer Kontaktaufnahme mit uns \u00fcber unser Kontakt-Formular auf unserer Website verschl\u00fcsselt \u00fcber das Internet \u00fcbertragen. Wir sichern unsere Website und sonstigen Systeme durch technische und organisatorische Massnahmen gegen Verlust, Zerst\u00f6rung, Zugriff, Ver\u00e4nderung oder Verbreitung Ihrer Daten durch unbefugte Personen.<\/p>\n<h2><strong>Anonyme Datenerhebung<\/strong><\/h2>\n<p>Unsere Webseiten k\u00f6nnen ohne Angaben zur Person besucht werden. jeder Zugriff auf unsere Internetseiten und jeder Abruf der dort hinterlegten Dateien wird jedoch in einer Datei protokolliert und gespeichert. Wir erheben und speichern hierbei automatisch in unseren Server-Protokolldateien nur diejenigen Informationen, die der Internet-Browser an uns \u00fcbermittelt. Dies sind unter anderem:<\/p>\n<ul>\n<li>Browsertyp \/ -version<\/li>\n<li>verwendetes Betriebssystem<\/li>\n<li>Verweis-URL (die zuvor besuchte Webseite)<\/li>\n<li>Hostname des zugreifenden Rechners (IP-Adresse)<\/li>\n<li>Datum und Uhrzeit der Serveranfrage<\/li>\n<li>Name der abgerufenen Datei<\/li>\n<li>\u00fcbertragene Datenmenge<\/li>\n<li>Meldung \u00fcber erfolgreichen Abruf<\/li>\n<\/ul>\n<p>Wir k\u00f6nnen diese Daten nicht bestimmten Personen zuordnen. Eine Zusammenf\u00fchrung dieser Daten mit anderen Datenquellen wird nicht vorgenommen. Vorbehaltlich etwaiger gesetzlicher Aufbewahrungspflichten werden die IP-Adressen von Nutzern nach Beendigung der Nutzung gel\u00f6scht. Die tempor\u00e4re Speicherung und statistische Auswertung der keinen bestimmten Nutzern zuordbaren Daten dient lediglich der Sicherstellung der Systemsicherheit und der Sicherheit der Daten der Nutzer (z.B. der Erkennung von etwaigen fehlerhaften Links und Programm-Fehlern sowie Angriffen auf das System).<\/p>\n<h2><strong>Einbindung von Diensten und Inhalten Dritter<\/strong><\/h2>\n<p>Es ist m\u00f6glich, dass auf unseren Webseiten Inhalte Dritter, wie zum Beispiel Videos von YouTube, Kartenmaterial von Google\u00adMaps, RSS-Feeds eingebunden werden. Dies setzt technisch stets voraus, dass die Anbieter dieser Inhalte (nachfolgend \u201eDritt-Anbieter\u00bb genannt) die IP-Adresse der Nutzer wahrnehmen k\u00f6nnen, denn ohne Ermittlung der IP-Adresse, k\u00f6nnten sie die Inhalte nicht an den Browser des jeweiligen Nutzers senden. Die IP-Adresse ist damit f\u00fcr die Darstellung dieser Inhalte zwingend erforderlich.<\/p>\n<h2><strong>Auskunft, Berichtigung, Sperrung und L\u00f6schung<\/strong><\/h2>\n<p>Im Rahmen der bestehenden gesetzlichen Datenschutzbestimmungen haben Sie jederzeit ein Recht auf Auskunft \u00fcber die bez\u00fcglich Ihrer Person gespeicherten Daten, deren Herkunft und Empf\u00e4nger sowie den Zweck der Speicherung und auf Berichtigung sowie Sperrung oder L\u00f6schung Ihrer gespeicherten Daten. Sofern der L\u00f6schung gesetzliche, vertragliche, handels- bzw. steuerrechtliche Aufbewahrungsfristen oder Gr\u00fcnde entgegenstehen, erfolgt anstelle einer L\u00f6schung eine Sperrung Ihrer Daten.<\/p>\n<h2><strong>Verantwortliche Stelle im Sinne des Datenschutzes<\/strong><\/h2>\n<p>Den betriebliche Datenschutzbeauftragten erreichen Sie unter:<\/p>\n<p><span>Restaurant zum alten Sch\u00fctzenhaus<br \/>Rietstrasse 1<br \/>8200 Schaffhausen<\/span><\/p>\n<p>[\/et_pb_text][\/et_pb_column][\/et_pb_row][\/et_pb_section]<\/p>\n","protected":false},"excerpt":{"rendered":"<p>Datenschutzerkl\u00e4rungEinleitung Die Sch\u00fctzenhaus\u00a0hat die vorliegende Datenschutzerkl\u00e4rung im Hinblick auf die k\u00fcnftige Revision des Schweizerischen Datenschutzgesetzes (DSG) und des Inkrafttretens der DSGV, der neuen Datenschutz -und Vertraulichkeitsregulierung in der Europ\u00e4ischen Union (EU) publiziert. Obwohl eine Regulierung der EU, ist die DSGVO aus verschiedenen Gr\u00fcnden f\u00fcr die Sch\u00fctzenhaus relevant, unter anderem zum Beispiel: Schweizer Datenschutzrecht ist historisch [&hellip;]<\/p>\n","protected":false},"author":1,"featured_media":0,"parent":0,"menu_order":70,"comment_status":"closed","ping_status":"closed","template":"","meta":{"_et_pb_use_builder":"on","_et_pb_old_content":"","_et_gb_content_width":"","footnotes":""},"class_list":["post-21","page","type-page","status-publish","hentry"],"_links":{"self":[{"href":"https:\/\/schuetzenhaus.ch\/en\/wp-json\/wp\/v2\/pages\/21","targetHints":{"allow":["GET"]}}],"collection":[{"href":"https:\/\/schuetzenhaus.ch\/en\/wp-json\/wp\/v2\/pages"}],"about":[{"href":"https:\/\/schuetzenhaus.ch\/en\/wp-json\/wp\/v2\/types\/page"}],"author":[{"embeddable":true,"href":"https:\/\/schuetzenhaus.ch\/en\/wp-json\/wp\/v2\/users\/1"}],"replies":[{"embeddable":true,"href":"https:\/\/schuetzenhaus.ch\/en\/wp-json\/wp\/v2\/comments?post=21"}],"version-history":[{"count":0,"href":"https:\/\/schuetzenhaus.ch\/en\/wp-json\/wp\/v2\/pages\/21\/revisions"}],"wp:attachment":[{"href":"https:\/\/schuetzenhaus.ch\/en\/wp-json\/wp\/v2\/media?parent=21"}],"curies":[{"name":"wp","href":"https:\/\/api.w.org\/{rel}","templated":true}]}}