{"id":532,"date":"2022-11-09T07:33:12","date_gmt":"2022-11-09T07:33:12","guid":{"rendered":"https:\/\/schuetzenhaus.ch\/?post_type=product&#038;p=532"},"modified":"2024-02-19T06:13:40","modified_gmt":"2024-02-19T06:13:40","slug":"gutschein-restaurant-zum-alten-schuetzenhaus","status":"publish","type":"product","link":"https:\/\/schuetzenhaus.ch\/fr\/produit\/gutschein-restaurant-zum-alten-schuetzenhaus\/","title":{"rendered":"Bon pour le restaurant zum alten Sch\u00fctzenhaus"},"content":{"rendered":"","protected":false},"excerpt":{"rendered":"<p>Offrez un plaisir culinaire avec notre bon de valeur. Le bon peut \u00eatre \u00e9chang\u00e9 dans notre restaurant et est valable 1 an \u00e0 partir de la date d'\u00e9mission.<\/p>","protected":false},"featured_media":0,"template":"","meta":{"_et_pb_use_builder":"","_et_pb_old_content":"","_et_gb_content_width":""},"product_brand":[],"product_cat":[17],"product_tag":[],"class_list":{"0":"post-532","1":"product","2":"type-product","3":"status-publish","5":"product_cat-unkategorisiert","7":"first","8":"instock","9":"shipping-taxable","10":"purchasable","11":"product-type-variable"},"_links":{"self":[{"href":"https:\/\/schuetzenhaus.ch\/fr\/wp-json\/wp\/v2\/product\/532","targetHints":{"allow":["GET"]}}],"collection":[{"href":"https:\/\/schuetzenhaus.ch\/fr\/wp-json\/wp\/v2\/product"}],"about":[{"href":"https:\/\/schuetzenhaus.ch\/fr\/wp-json\/wp\/v2\/types\/product"}],"wp:attachment":[{"href":"https:\/\/schuetzenhaus.ch\/fr\/wp-json\/wp\/v2\/media?parent=532"}],"wp:term":[{"taxonomy":"product_brand","embeddable":true,"href":"https:\/\/schuetzenhaus.ch\/fr\/wp-json\/wp\/v2\/product_brand?post=532"},{"taxonomy":"product_cat","embeddable":true,"href":"https:\/\/schuetzenhaus.ch\/fr\/wp-json\/wp\/v2\/product_cat?post=532"},{"taxonomy":"product_tag","embeddable":true,"href":"https:\/\/schuetzenhaus.ch\/fr\/wp-json\/wp\/v2\/product_tag?post=532"}],"curies":[{"name":"wp","href":"https:\/\/api.w.org\/{rel}","templated":true}]}}