{"id":19,"date":"2022-10-18T09:55:00","date_gmt":"2022-10-18T09:55:00","guid":{"rendered":"https:\/\/schuetzenhaus.ch\/?page_id=19"},"modified":"2023-05-10T11:51:16","modified_gmt":"2023-05-10T11:51:16","slug":"impressum","status":"publish","type":"page","link":"https:\/\/schuetzenhaus.ch\/it\/impressum\/","title":{"rendered":"Impronta"},"content":{"rendered":"<p>[et_pb_section fb_built=&#8220;1&#8243; admin_label=&#8220;Contact&#8220; _builder_version=&#8220;4.18.0&#8243; _module_preset=&#8220;default&#8220; background_color=&#8220;#FFFFFF&#8220; custom_padding=&#8220;||||false|false&#8220; top_divider_height=&#8220;0.6vw&#8220; top_divider_repeat=&#8220;70x&#8220; top_divider_arrangement=&#8220;above_content&#8220; bottom_divider_height=&#8220;0.6vw&#8220; bottom_divider_repeat=&#8220;70x&#8220; global_colors_info=&#8220;{}&#8220;][et_pb_row _builder_version=&#8220;4.16&#8243; _module_preset=&#8220;default&#8220; global_colors_info=&#8220;{}&#8220;][et_pb_column type=&#8220;4_4&#8243; _builder_version=&#8220;4.16&#8243; _module_preset=&#8220;default&#8220; global_colors_info=&#8220;{}&#8220;][et_pb_text _builder_version=&#8220;4.18.0&#8243; _module_preset=&#8220;d72c0383-6487-4f2c-ac5c-7d48a6376757&#8243; header_font=&#8220;Times New Roman|600|||||||&#8220; header_text_color=&#8220;#424242&#8243; header_font_size=&#8220;50px&#8220; header_line_height=&#8220;1.1em&#8220; header_font_size_tablet=&#8220;36px&#8220; header_font_size_phone=&#8220;22px&#8220; header_font_size_last_edited=&#8220;on|desktop&#8220; locked=&#8220;off&#8220; global_colors_info=&#8220;{}&#8220;]<\/p>\n<h1>Impressum<\/h1>\n<p>[\/et_pb_text][et_pb_text _builder_version=&#8220;4.20.4&#8243; _module_preset=&#8220;16a54059-cc81-4572-9c70-eda6a6c419bf&#8220; text_font=&#8220;Times New Roman|500|||||||&#8220; text_text_color=&#8220;#424242&#8243; text_font_size=&#8220;20px&#8220; text_line_height=&#8220;32px&#8220; link_text_color=&#8220;#424242&#8243; header_3_font=&#8220;Archivo||||||||&#8220; header_3_text_color=&#8220;#FFFFFF&#8220; custom_margin=&#8220;5%||5%||true|false&#8220; hover_enabled=&#8220;0&#8243; text_font_size_tablet=&#8220;15px&#8220; text_font_size_phone=&#8220;14px&#8220; text_font_size_last_edited=&#8220;on|phone&#8220; header_font_size_tablet=&#8220;55px&#8220; header_font_size_last_edited=&#8220;off|desktop&#8220; locked=&#8220;off&#8220; global_colors_info=&#8220;{}&#8220; link_text_color__hover_enabled=&#8220;off|desktop&#8220; link_text_color__hover=&#8220;#FFFFFF&#8220; sticky_enabled=&#8220;0&#8243;]<\/p>\n<h3>Kontaktadresse<\/h3>\n<p>Herr Roland Reutimann<br \/>Restaurant zum alten Sch\u00fctzenhaus<br \/>Rietstrasse 1<br \/>8200 Schaffhausen<br \/>Schweiz<br \/>info@schuetzenhaus.ch<br \/>052 625 32 72<\/p>\n<h3>Vertretungsberechtigte Personen<\/h3>\n<p><span>Roland Reutimann, Inhaber<\/span><\/p>\n<h3>Haftungsausschluss<\/h3>\n<p>Der Autor \u00fcbernimmt keinerlei Gew\u00e4hr hinsichtlich der inhaltlichen Richtigkeit, Genauigkeit, Aktualit\u00e4t, Zuverl\u00e4ssigkeit und Vollst\u00e4ndigkeit der Informationen. Haftungsanspr\u00fcche gegen den Autor wegen Sch\u00e4den materieller oder immaterieller Art, welche aus dem Zugriff oder der Nutzung bzw. Nichtnutzung der ver\u00f6ffentlichten Informationen, durch Missbrauch der Verbindung oder durch technische St\u00f6rungen entstanden sind, werden ausgeschlossen. Alle Angebote sind unverbindlich. Der Autor beh\u00e4lt es sich ausdr\u00fccklich vor, Teile der Seiten oder das gesamte Angebot ohne gesonderte Ank\u00fcndigung zu ver\u00e4ndern, zu erg\u00e4nzen, zu l\u00f6schen oder die Ver\u00f6ffentlichung zeitweise oder endg\u00fcltig einzustellen.<\/p>\n<h3>Haftung f\u00fcr Links<\/h3>\n<p>Verweise und Links auf Webseiten Dritter liegen ausserhalb unseres Verantwortungsbereichs Es wird jegliche Verantwortung f\u00fcr solche Webseiten abgelehnt. Der Zugriff und die Nutzung solcher Webseiten erfolgen auf eigene Gefahr des Nutzers oder der Nutzerin.<\/p>\n<h3>Urheberrechte<\/h3>\n<p>Die Urheber- und alle anderen Rechte an Inhalten, Bildern, Fotos oder anderen Dateien auf der Website geh\u00f6ren ausschliesslich der Firma Restaurant zum alten Sch\u00fctzenhaus oder den speziell genannten Rechtsinhabern. F\u00fcr die Reproduktion jeglicher Elemente ist die schriftliche Zustimmung der Urheberrechtstr\u00e4ger im Voraus einzuholen.<\/p>\n<h3>Website<\/h3>\n<p>Die Website wurde von der Firma \u201eBSZ Online Solutions Gmbh\u201c konzipiert, gestaltet und programmiert. <a href=\"http:\/\/www.bszurich.ch\">www.bszurich.ch<\/a><\/p>\n<h3>Fotos<\/h3>\n<p>Die Fotos wurden vom Restaurant zum alten Sch\u00fctzenhaus aufgenommen.<\/p>\n<p>[\/et_pb_text][\/et_pb_column][\/et_pb_row][\/et_pb_section]<\/p>\n","protected":false},"excerpt":{"rendered":"<p>ImpressumKontaktadresse Herr Roland ReutimannRestaurant zum alten Sch\u00fctzenhausRietstrasse 18200 SchaffhausenSchweizinfo@schuetzenhaus.ch052 625 32 72 Vertretungsberechtigte Personen Roland Reutimann, Inhaber Haftungsausschluss Der Autor \u00fcbernimmt keinerlei Gew\u00e4hr hinsichtlich der inhaltlichen Richtigkeit, Genauigkeit, Aktualit\u00e4t, Zuverl\u00e4ssigkeit und Vollst\u00e4ndigkeit der Informationen. Haftungsanspr\u00fcche gegen den Autor wegen Sch\u00e4den materieller oder immaterieller Art, welche aus dem Zugriff oder der Nutzung bzw. Nichtnutzung der ver\u00f6ffentlichten [&hellip;]<\/p>\n","protected":false},"author":1,"featured_media":0,"parent":0,"menu_order":60,"comment_status":"closed","ping_status":"closed","template":"","meta":{"_et_pb_use_builder":"on","_et_pb_old_content":"","_et_gb_content_width":"","footnotes":""},"class_list":["post-19","page","type-page","status-publish","hentry"],"_links":{"self":[{"href":"https:\/\/schuetzenhaus.ch\/it\/wp-json\/wp\/v2\/pages\/19","targetHints":{"allow":["GET"]}}],"collection":[{"href":"https:\/\/schuetzenhaus.ch\/it\/wp-json\/wp\/v2\/pages"}],"about":[{"href":"https:\/\/schuetzenhaus.ch\/it\/wp-json\/wp\/v2\/types\/page"}],"author":[{"embeddable":true,"href":"https:\/\/schuetzenhaus.ch\/it\/wp-json\/wp\/v2\/users\/1"}],"replies":[{"embeddable":true,"href":"https:\/\/schuetzenhaus.ch\/it\/wp-json\/wp\/v2\/comments?post=19"}],"version-history":[{"count":0,"href":"https:\/\/schuetzenhaus.ch\/it\/wp-json\/wp\/v2\/pages\/19\/revisions"}],"wp:attachment":[{"href":"https:\/\/schuetzenhaus.ch\/it\/wp-json\/wp\/v2\/media?parent=19"}],"curies":[{"name":"wp","href":"https:\/\/api.w.org\/{rel}","templated":true}]}}